{"id":111,"date":"2019-03-12T15:50:32","date_gmt":"2019-03-12T14:50:32","guid":{"rendered":"http:\/\/scbubo.bplaced.net\/wp\/?page_id=111"},"modified":"2024-11-14T17:59:57","modified_gmt":"2024-11-14T16:59:57","slug":"uebungszeiten","status":"publish","type":"page","link":"https:\/\/sc-buntenbock.de\/?page_id=111","title":{"rendered":"\u00dcbungszeiten"},"content":{"rendered":"\n<figure class=\"wp-block-table is-style-stripes\"><table><tbody><tr><td>Montags<\/td><td>18:00 &#8211; 19:00<\/td><td>Yoga und Pilates einmal anders<\/td><td><\/td><td>Halle Klepperberg<\/td><\/tr><tr><td>Dienstags<\/td><td>08:30 &#8211; 09:30<\/td><td>Wirbels\u00e4ulengymnastik<\/td><td>Elke Horn<\/td><td>Vereinshaus Bubo<\/td><\/tr><tr><td><\/td><td>15:30 &#8211; 17:30<\/td><td>Biathlontraining (NSV)<\/td><td>Birgit B\u00f6ttcher<\/td><td>Skirollerstrecke<\/td><\/tr><tr><td><\/td><td>17:00 &#8211; 18:30<\/td><td>Sch\u00fcler-Jugend (ab S8) Training<br><a href=\"http:\/\/sc-buntenbock.de\/wp-admin\/viewpage.php?page_id=31\"><\/a><\/td><td>Sven M\u00fcnch<\/td><td><\/td><\/tr><tr><td><\/td><td>20:00 &#8211; 21:00<\/td><td>R\u00fcckenschule<\/td><td>Katrin Emmerling<\/td><td>Rehazentrum<\/td><\/tr><tr><td>Mittwochs<\/td><td>16:30 &#8211; 18:00<\/td><td>Inline Skating<br>6 &#8211; 12 Jahre<\/td><td>Lea Harkabus<\/td><td>Sportinstitut TU-ClZ<br>Julius-Albert-Strasse<\/td><\/tr><tr><td><\/td><td>16:00 &#8211; 17:00<\/td><td>Kindergruppe<br>4 &#8211; 7 Jahre<\/td><td>Maren Hesse<\/td><td>Halle Klepperberg<\/td><\/tr><tr><td><\/td><td>17:30 &#8211; 18:30<\/td><td><a href=\"http:\/\/sc-buntenbock.de\/?page_id=557\">Sportabzeichen<\/a><\/td><td>Markus Freitag<\/td><td>Clausthal  Sportplatz Grundschule<\/td><\/tr><tr><td><\/td><td>18:00 &#8211; 19:00<\/td><td>Nordic Walking<\/td><td>Ilka Brinkmann<\/td><td>Ringstrasse 30e<\/td><\/tr><tr><td><\/td><td>18:30 &#8211; 20:00<\/td><td>Sch\u00fcler &#8211; Jugend<\/td><td>Thorsten M\u00fcnch<\/td><td><\/td><\/tr><tr><td>Donnerstags<\/td><td>16:30 &#8211; 18:00<\/td><td>Sch\u00fcler-Jugend (ab S8) Training<\/td><td>Sven M\u00fcnch<\/td><td>Vereinshaus<\/td><\/tr><tr><td><\/td><td>19:00 &#8211; 20:00<\/td><td>Er &amp; Sie Gruppe<\/td><td>Bernd Schmidt<\/td><td>Vereinshaus<\/td><\/tr><tr><td>Freitags<\/td><td>15:00 &#8211; 17:00<\/td><td>Sch\u00fcler- Jugend 7-16 Jahre<\/td><td><\/td><td>Uni-Halle<\/td><\/tr><tr><td>Samstags<\/td><td>9:00 &#8211; 11:30<\/td><td>Biathlontraining (NSV)<\/td><td>Birgit B\u00f6ttcher<\/td><td>Skirollerstrecke<\/td><\/tr><\/tbody><\/table><\/figure>\n\n\n\n<p><span style=\"font-family: Arial Rounded MT Bold; font-size: xx-large;\">Ansprechpartner sind:<\/span><\/p>\n\n\n\n<figure class=\"wp-block-table is-style-stripes\"><table><tbody><tr><td>\u00dcbungsleiter:<\/td><td>Telefon:<\/td><td>E-Mail<\/td><td>Gruppen<\/td><\/tr><tr><td>Elke Horn<\/td><td>&#48;&#53;&#x33;2&#51;&#x20;&#x2f; &#55;&#x38;&#x34;9&#52;<\/td><td><\/td><td>Wirbels\u00e4ulengymnastik<\/td><\/tr><tr><td>Ilka Brinkmann<\/td><td>&#x30;&#x35;&#51;23&#x20;&#x2f;&#32;&#55;1&#x35;&#x37;&#53;&#55;<\/td><td><a href=\"mailto:&#x62;&#x72;&#105;&#110;k&#x6d;&#x61;&#x6e;&#110;&#105;l&#x6b;&#x61;&#x40;&#097;&#111;l&#x2e;&#x64;&#x65;\">eMail<\/a><\/td><td>Nordic-Walking<\/td><\/tr><tr><td>Birgit B\u00f6ttcher<\/td><td>&#48;&#x35;&#51;&#x32;&#51;&#x20;&#47;&#x20;7&#x20;8&#x34; &#x32;4<\/td><td><a href=\"mailto:&#x62;&#x69;&#x62;&#111;&#101;&#116;tc&#x68;&#x65;&#x72;&#x40;&#111;&#110;li&#x6e;&#x65;&#x68;&#x6f;&#109;&#101;&#046;d&#x65;\">eMail<\/a><\/td><td>Biathlontraining<\/td><\/tr><tr><td>Katrin Emmerling<\/td><td>0&#53;&#51;&#x32;&#x33;&#x20;\/ &#57;&#52;&#x38;&#x33;&#x32;1<\/td><td><a href=\"mailto:ka&#116;&#114;&#105;&#x6e;&#x2e;&#x65;&#x6d;me&#114;&#108;&#105;&#x6e;&#x67;&#x40;&#x77;eb&#046;&#100;&#101;\">eMail<\/a><\/td><td>R\u00fcckenschule<\/td><\/tr><tr><td>Ole Pfeiffer<\/td><td>&#x30;&#49;6&#x32;&#x2d;&#57;0&#x35;&#x38;&#52;1&#x37;<\/td><td><a href=\"mailto:&#x6c;&#x65;&#x61;&#x68;&#x61;&#x72;&#x6b;&#048;&#050;&#064;&#103;&#109;ail&#046;&#x63;&#x6f;&#x6d;\">eMail<\/a><\/td><td>Inline Skating 6 &#8211; 12 Jahre<\/td><\/tr><tr><td>Jan K\u00f6ckemann<\/td><td>&#x30;&#49;&#x37;&#48;-&#x39;&#49;8&#x39;&#53;&#x32;&#x30;<\/td><td><\/td><td>Eltern-Kind-Turnen 1-3 Jahre<\/td><\/tr><tr><td>Markus Freitag<\/td><td>&#x30;&#x35;&#x33;&#x32;&#x33;&#x20;&#47;&#32;&#52;&#55; 07<\/td><td><a href=\"mailto:&#097;&#x73;c&#104;&#x6d;f&#x72;&#x65;&#105;&#x40;a&#111;&#x6c;&#046;&#099;&#x6f;&#109;\">eMail<\/a><\/td><td>Sportabzeichen<\/td><\/tr><tr><td>Maren Hesse<\/td><td>&#x30;&#x31;&#55;&#55; &#x2f;&#x20;&#x34;&#56;&#48;3&#x36;&#x38;&#x34;<\/td><td><\/td><td>Kindergruppe 4-6 Jahre<\/td><\/tr><tr><td>Sven M\u00fcnch<\/td><td>0&#49;&#55;&#x36;&#x20;&#x2f;&#x20;5&#55;&#57;&#56;&#x37;&#x34;&#x36;5<\/td><td><a href=\"mailto:&#x70;&#x68;&#x69;&#x6c;&#x6c;&#x69;&#x70;&#x2e;&#x63;&#x6c;&#x7a;&#x40;&#x67;&#x6d;&#x78;&#x2e;&#x64;&#x65;\" target=\"_blank\" rel=\"noreferrer noopener\">eMail<\/a><\/td><td>Sch\u00fcler-Jugend Training<\/td><\/tr><tr><td>Bernd Schmidt<\/td><td>&#x30;&#x35;&#x33;&#x32;&#51;&#32;&#47; 4&#x31;&#x20;&#x37;&#x31;<\/td><td><\/td><td>Er &amp; Sie Gruppe<\/td><\/tr><\/tbody><\/table><\/figure>\n\n\n\n<p><\/p>\n","protected":false},"excerpt":{"rendered":"<p>Montags 18:00 &#8211; 19:00 Yoga und Pilates einmal anders Halle Klepperberg Dienstags 08:30 &#8211; 09:30 Wirbels\u00e4ulengymnastik Elke Horn Vereinshaus Bubo 15:30 &#8211; 17:30 Biathlontraining (NSV) Birgit B\u00f6ttcher Skirollerstrecke 17:00 &#8211; 18:30 Sch\u00fcler-Jugend (ab S8) Training Sven M\u00fcnch 20:00 &#8211; 21:00 R\u00fcckenschule Katrin Emmerling Rehazentrum Mittwochs 16:30 &#8211; 18:00 Inline Skating6 &#8211; 12 Jahre Lea Harkabus [&hellip;]<\/p>\n","protected":false},"author":1,"featured_media":0,"parent":0,"menu_order":0,"comment_status":"closed","ping_status":"closed","template":"","meta":{"_mc_calendar":[],"footnotes":""},"class_list":["post-111","page","type-page","status-publish","hentry"],"_links":{"self":[{"href":"https:\/\/sc-buntenbock.de\/index.php?rest_route=\/wp\/v2\/pages\/111","targetHints":{"allow":["GET"]}}],"collection":[{"href":"https:\/\/sc-buntenbock.de\/index.php?rest_route=\/wp\/v2\/pages"}],"about":[{"href":"https:\/\/sc-buntenbock.de\/index.php?rest_route=\/wp\/v2\/types\/page"}],"author":[{"embeddable":true,"href":"https:\/\/sc-buntenbock.de\/index.php?rest_route=\/wp\/v2\/users\/1"}],"replies":[{"embeddable":true,"href":"https:\/\/sc-buntenbock.de\/index.php?rest_route=%2Fwp%2Fv2%2Fcomments&post=111"}],"version-history":[{"count":32,"href":"https:\/\/sc-buntenbock.de\/index.php?rest_route=\/wp\/v2\/pages\/111\/revisions"}],"predecessor-version":[{"id":2372,"href":"https:\/\/sc-buntenbock.de\/index.php?rest_route=\/wp\/v2\/pages\/111\/revisions\/2372"}],"wp:attachment":[{"href":"https:\/\/sc-buntenbock.de\/index.php?rest_route=%2Fwp%2Fv2%2Fmedia&parent=111"}],"curies":[{"name":"wp","href":"https:\/\/api.w.org\/{rel}","templated":true}]}}