{"id":119,"date":"2019-03-12T15:55:04","date_gmt":"2019-03-12T14:55:04","guid":{"rendered":"http:\/\/scbubo.bplaced.net\/wp\/?page_id=119"},"modified":"2019-03-12T16:12:17","modified_gmt":"2019-03-12T15:12:17","slug":"loipengebiet-buntenbock","status":"publish","type":"page","link":"https:\/\/sc-buntenbock.de\/?page_id=119","title":{"rendered":"Loipen in Buntenbock"},"content":{"rendered":"\n<p><br><\/p>\n\n\n\n<p><strong>Bezeichnung der Loipen:<\/strong><br> <a href=\"http:\/\/sc-buntenbock.de\/?page_id=123\">Wanderloipe am Ziegenberg (5 km)<\/a><br> <a href=\"http:\/\/sc-buntenbock.de\/?page_id=134\">Verbindungsloipe Buntenbock-Clausthal (5 km)<\/a><br> <a href=\"http:\/\/sc-buntenbock.de\/viewpage.php?page_id=38\">Beleuchtete Loipe (2 km)<\/a><\/p>\n\n\n\n<p><strong>Gesamtl\u00e4ngen der Loipen:<\/strong> 12 km<\/p>\n\n\n\n<p><strong>H\u00f6henlage:<\/strong> 530 &#8211; 600 m<\/p>\n\n\n\n<p><strong>Schwierigkeitsgrad:<\/strong> leicht bis mittelschwer<strong>Angebote:<\/strong><br>\n\npr\u00e4parierte Rodelbahn am Ziegenberg mit ungef\u00e4hrlichem Auslauf (gut geeignet f\u00fcr Kinder)<br>\nBeleuchtete Loipe (2 km)\n<br><br>Montag bis Freitag 16:30 bis 20:00 (bei geeigneter Schneelage)<br><br><a href=\"http:\/\/www.sc-buntenbock.de\/viewpage.php?page_id=6\">Skilanglaufschule und Ski-Verleih <\/a>des Ski-Clubs Buntenbock<br><\/p>\n","protected":false},"excerpt":{"rendered":"<p>Bezeichnung der Loipen: Wanderloipe am Ziegenberg (5 km) Verbindungsloipe Buntenbock-Clausthal (5 km) Beleuchtete Loipe (2 km) Gesamtl\u00e4ngen der Loipen: 12 km H\u00f6henlage: 530 &#8211; 600 m Schwierigkeitsgrad: leicht bis mittelschwerAngebote: pr\u00e4parierte Rodelbahn am Ziegenberg mit ungef\u00e4hrlichem Auslauf (gut geeignet f\u00fcr Kinder) Beleuchtete Loipe (2 km) Montag bis Freitag 16:30 bis 20:00 (bei geeigneter Schneelage) Skilanglaufschule [&hellip;]<\/p>\n","protected":false},"author":1,"featured_media":0,"parent":0,"menu_order":0,"comment_status":"closed","ping_status":"closed","template":"","meta":{"_mc_calendar":[],"footnotes":""},"class_list":["post-119","page","type-page","status-publish","hentry"],"_links":{"self":[{"href":"https:\/\/sc-buntenbock.de\/index.php?rest_route=\/wp\/v2\/pages\/119","targetHints":{"allow":["GET"]}}],"collection":[{"href":"https:\/\/sc-buntenbock.de\/index.php?rest_route=\/wp\/v2\/pages"}],"about":[{"href":"https:\/\/sc-buntenbock.de\/index.php?rest_route=\/wp\/v2\/types\/page"}],"author":[{"embeddable":true,"href":"https:\/\/sc-buntenbock.de\/index.php?rest_route=\/wp\/v2\/users\/1"}],"replies":[{"embeddable":true,"href":"https:\/\/sc-buntenbock.de\/index.php?rest_route=%2Fwp%2Fv2%2Fcomments&post=119"}],"version-history":[{"count":5,"href":"https:\/\/sc-buntenbock.de\/index.php?rest_route=\/wp\/v2\/pages\/119\/revisions"}],"predecessor-version":[{"id":139,"href":"https:\/\/sc-buntenbock.de\/index.php?rest_route=\/wp\/v2\/pages\/119\/revisions\/139"}],"wp:attachment":[{"href":"https:\/\/sc-buntenbock.de\/index.php?rest_route=%2Fwp%2Fv2%2Fmedia&parent=119"}],"curies":[{"name":"wp","href":"https:\/\/api.w.org\/{rel}","templated":true}]}}