{"id":123,"date":"2019-03-12T15:58:47","date_gmt":"2019-03-12T14:58:47","guid":{"rendered":"http:\/\/scbubo.bplaced.net\/wp\/?page_id=123"},"modified":"2020-05-26T12:25:42","modified_gmt":"2020-05-26T10:25:42","slug":"ziegenberg-loipe-wanderloipe","status":"publish","type":"page","link":"https:\/\/sc-buntenbock.de\/?page_id=123","title":{"rendered":"Ziegenberg-Loipe \/ Wanderloipe"},"content":{"rendered":"\n<p>Start und Ziel der Buntenbocker Loipe ist die Turnhalle in Buntenbock. Der Start erfolgt in \u00f6stlicher Richtung \u00fcber Bergwiesen zum Ziegenberger Teich. Nach ca. 500 m biegt die Loipe nach rechts ab und verl\u00e4uft etwa 250 m leicht ansteigend durch den Ziegenberg, ehe sie auf die Schneise der ehemaligen Lichtleitung kommt. Nach weiteren 150 m verl\u00e4sst man diese Schneise und biegt nach rechts ab. Von hier erfolgt ein ca. 200 m langer Anstieg mit anschlie\u00dfend leichter Abfahrt durch den Ziegenberg. Eine Forststra\u00dfe, die zum Heidelbeerkopf f\u00fchrt, wird bei km 1,5 \u00fcberquert. Von hier aus verl\u00e4uft die Loipe in westlicher Richtung \u00fcber die \u201cTaube Frau\u201c (Brunnenwiese), bis sie bei km 2,0 zum steilsten Anstieg (Gr\u00e4tschanstieg) kommt. Hat man diese Steigung hinter sich, so geht es jetzt wieder in \u00f6stlicher Richtung durch abwechs-lungsreiches Gel\u00e4nde bis zur Lichtschneise, die man bei km 3,2 \u00fcberquert. Hinter der Schneise erfolgt ein kurzer Anstieg von ca. 100 m, nach dem die Loipe in kurzem Abstand zweimal rechtwinklig abbiegt und dann parallel zu der schon einmal \u00fcberquerten Forststra\u00dfe verl\u00e4uft und dann wieder in die Lichtschneise einm\u00fcndet. Nach ca. 300 m auf dieser Schneise biegt man rechts in den Wald auf eine Abfahrt ein und erreicht nach einem kurzen Anstieg die so genannte Wegespinne im B\u00e4renbruch. Dort, bei km 4,0 biegt man nach links in eine kurze steile Abfahrt und einen anschlie\u00dfenden Anstieg und erreicht wieder die Lichtschneise. Nach ca. 50 m f\u00fchrt die Loipe rechts in ein Waldst\u00fcck, und nach weiteren ca. 300 m leichter Abfahrt biegt man nach links auf die Forststra\u00dfe, auf der man nach ungef\u00e4hr 80 m die Wiese am Ziegenberger Teich erreicht, \u00fcber die die Loipe in westlicher Richtung wieder zur\u00fcck zum Ausgangspunkt verl\u00e4uft, zur Turnhalle. <br><\/p>\n\n\n\n<p><strong>So erreichen Sie die Wanderloipe in Buntenbock:<br>Anfahrt \u00fcber Autobahn A7 Hannover &#8211; Kassel.<br>Abfahrt Seesen \u00fcber B242 nach Clausthal-Zellerfeld und Buntenbock<br>oder \u00fcber B 242 und B 243 nach Osterode und hier auf der B 241 in Richtung Goslar nach Buntenbock.<\/strong><\/p>\n\n\n\n<figure class=\"wp-block-gallery columns-2 is-cropped wp-block-gallery-1 is-layout-flex wp-block-gallery-is-layout-flex\"><ul class=\"blocks-gallery-grid\"><li class=\"blocks-gallery-item\"><figure><a href=\"http:\/\/sc-buntenbock.de\/wp-content\/uploads\/2019\/03\/WanderLoipen-Titel-1-484x1024.jpg\"><img loading=\"lazy\" decoding=\"async\" width=\"484\" height=\"1024\" src=\"http:\/\/sc-buntenbock.de\/wp-content\/uploads\/2019\/03\/WanderLoipen-Titel-1-484x1024.jpg\" alt=\"\" data-id=\"132\" data-link=\"http:\/\/sc-buntenbock.de\/?attachment_id=132\" class=\"wp-image-132\" srcset=\"https:\/\/sc-buntenbock.de\/wp-content\/uploads\/2019\/03\/WanderLoipen-Titel-1-484x1024.jpg 484w, https:\/\/sc-buntenbock.de\/wp-content\/uploads\/2019\/03\/WanderLoipen-Titel-1-142x300.jpg 142w, https:\/\/sc-buntenbock.de\/wp-content\/uploads\/2019\/03\/WanderLoipen-Titel-1-768x1624.jpg 768w, https:\/\/sc-buntenbock.de\/wp-content\/uploads\/2019\/03\/WanderLoipen-Titel-1.jpg 946w\" sizes=\"auto, (max-width: 484px) 100vw, 484px\" \/><\/a><\/figure><\/li><li class=\"blocks-gallery-item\"><figure><a href=\"http:\/\/sc-buntenbock.de\/wp-content\/uploads\/2019\/03\/WanderLoipen-Strecke-708x1024.jpg\"><img loading=\"lazy\" decoding=\"async\" width=\"708\" height=\"1024\" src=\"http:\/\/sc-buntenbock.de\/wp-content\/uploads\/2019\/03\/WanderLoipen-Strecke-708x1024.jpg\" alt=\"\" data-id=\"128\" data-link=\"http:\/\/sc-buntenbock.de\/?attachment_id=128\" class=\"wp-image-128\" srcset=\"https:\/\/sc-buntenbock.de\/wp-content\/uploads\/2019\/03\/WanderLoipen-Strecke-708x1024.jpg 708w, https:\/\/sc-buntenbock.de\/wp-content\/uploads\/2019\/03\/WanderLoipen-Strecke-207x300.jpg 207w, https:\/\/sc-buntenbock.de\/wp-content\/uploads\/2019\/03\/WanderLoipen-Strecke-768x1110.jpg 768w, https:\/\/sc-buntenbock.de\/wp-content\/uploads\/2019\/03\/WanderLoipen-Strecke.jpg 1386w\" sizes=\"auto, (max-width: 708px) 100vw, 708px\" \/><\/a><\/figure><\/li><\/ul><\/figure>\n","protected":false},"excerpt":{"rendered":"<p>Start und Ziel der Buntenbocker Loipe ist die Turnhalle in Buntenbock. Der Start erfolgt in \u00f6stlicher Richtung \u00fcber Bergwiesen zum Ziegenberger Teich. Nach ca. 500 m biegt die Loipe nach rechts ab und verl\u00e4uft etwa 250 m leicht ansteigend durch den Ziegenberg, ehe sie auf die Schneise der ehemaligen Lichtleitung kommt. Nach weiteren 150 m [&hellip;]<\/p>\n","protected":false},"author":1,"featured_media":0,"parent":119,"menu_order":0,"comment_status":"closed","ping_status":"closed","template":"","meta":{"_mc_calendar":[],"footnotes":""},"class_list":["post-123","page","type-page","status-publish","hentry"],"_links":{"self":[{"href":"https:\/\/sc-buntenbock.de\/index.php?rest_route=\/wp\/v2\/pages\/123","targetHints":{"allow":["GET"]}}],"collection":[{"href":"https:\/\/sc-buntenbock.de\/index.php?rest_route=\/wp\/v2\/pages"}],"about":[{"href":"https:\/\/sc-buntenbock.de\/index.php?rest_route=\/wp\/v2\/types\/page"}],"author":[{"embeddable":true,"href":"https:\/\/sc-buntenbock.de\/index.php?rest_route=\/wp\/v2\/users\/1"}],"replies":[{"embeddable":true,"href":"https:\/\/sc-buntenbock.de\/index.php?rest_route=%2Fwp%2Fv2%2Fcomments&post=123"}],"version-history":[{"count":4,"href":"https:\/\/sc-buntenbock.de\/index.php?rest_route=\/wp\/v2\/pages\/123\/revisions"}],"predecessor-version":[{"id":1412,"href":"https:\/\/sc-buntenbock.de\/index.php?rest_route=\/wp\/v2\/pages\/123\/revisions\/1412"}],"up":[{"embeddable":true,"href":"https:\/\/sc-buntenbock.de\/index.php?rest_route=\/wp\/v2\/pages\/119"}],"wp:attachment":[{"href":"https:\/\/sc-buntenbock.de\/index.php?rest_route=%2Fwp%2Fv2%2Fmedia&parent=123"}],"curies":[{"name":"wp","href":"https:\/\/api.w.org\/{rel}","templated":true}]}}