{"id":134,"date":"2019-03-12T16:09:48","date_gmt":"2019-03-12T15:09:48","guid":{"rendered":"http:\/\/scbubo.bplaced.net\/wp\/?page_id=134"},"modified":"2019-03-12T16:25:33","modified_gmt":"2019-03-12T15:25:33","slug":"verbindungsloipe-buntenbock-clausthal","status":"publish","type":"page","link":"https:\/\/sc-buntenbock.de\/?page_id=134","title":{"rendered":"Verbindungsloipe Buntenbock &#8211; Clausthal"},"content":{"rendered":"\n<p><br><strong>Einstiegsm\u00f6glichkeiten:<\/strong> Turnhalle Buntenbock, Pixhaier M\u00fchle, Sch\u00fctzenplatz Clausthal oder Kurpark Buntenbock. <br><br> <strong>Streckenbeschreibung:<\/strong> Diese landschaftlich sehr reizvoll gelegene Loipe f\u00fchrt entlang an Teichen des Oberharzer Wasserregals, \u00fcber Bergwiesen und durch romantische Fichtenw\u00e4lder.  Die Verbindungsloipe nach Clausthal zweigt nach ca. 4,5 Km auf der Wanderloipe s\u00fcdlich des Ziegenberger Teichdammes ab, verl\u00e4uft \u00fcber den Teichdamm, weiter \u00fcber die Wiesen des Pixhais mit herrlichen Ausblick auf Buntenbock und anschlie\u00dfend unmittelbar an der Pixhaier M\u00fchle vorbei. Dieses Hotel und Waldcafe l\u00e4dt zum Verweilen ein. Danach f\u00fchrt die Loipe in Richtung Schwarzenbacher Teich, rechtsseitig an diesem vorbei durch ein Waldst\u00fcck in Richtung M\u00fchlenberg und biegt nach ca. 150 m links zum Spiegel des Teiches ab. Von dort erfolgt ein ca. 400 m langer Anstieg \u00fcber Wiesen bis zur  Schwarzenbacher  Stra\u00dfe, die dann oberhalb der Reha-Klinik \u201cAm Schwarzenbacher Teich\u201c \u00fcberquert wird. Danach f\u00fchrt die Loipe \u00fcber Wiesengel\u00e4nde bis zum Clausthaler Sch\u00fctzenplatz und von dort in Richtung Buntenbock, zun\u00e4chst parallel im Abstand von ca. 150 m zur Bundesstra\u00dfe 241. Nach Durchquerung des Talgrundes f\u00fchrt sie nach einem kurzen Anstieg in ein Waldgebiet, welches nach ca. 500 m mit Blick auf Buntenbock wieder verlassen wird. Auf den Wiesen vor uns liegt nun die bei Einbruch der Dunkelheit beleuchtete Buntenbocker Loipe. Wer die Loipe erneut als Rundkurs laufen m\u00f6chte kann auf der beleuchteten Loipe weiter bis zum Kurpark fahren und erreicht nach einem               ca. 300 m langen Fu\u00dfmarsch durch den Ort wieder Ausgangspunkt der Wanderloipe, die Turnhalle. <\/p>\n\n\n\n<figure class=\"wp-block-image\"><img loading=\"lazy\" decoding=\"async\" width=\"993\" height=\"1024\" src=\"http:\/\/sc-buntenbock.de\/wp-content\/uploads\/2019\/03\/Loipe-CLZ-Bubo-993x1024.jpg\" alt=\"\" class=\"wp-image-135\" srcset=\"https:\/\/sc-buntenbock.de\/wp-content\/uploads\/2019\/03\/Loipe-CLZ-Bubo-993x1024.jpg 993w, https:\/\/sc-buntenbock.de\/wp-content\/uploads\/2019\/03\/Loipe-CLZ-Bubo-291x300.jpg 291w, https:\/\/sc-buntenbock.de\/wp-content\/uploads\/2019\/03\/Loipe-CLZ-Bubo-768x792.jpg 768w, https:\/\/sc-buntenbock.de\/wp-content\/uploads\/2019\/03\/Loipe-CLZ-Bubo.jpg 1241w\" sizes=\"auto, (max-width: 993px) 100vw, 993px\" \/><\/figure>\n","protected":false},"excerpt":{"rendered":"<p>Einstiegsm\u00f6glichkeiten: Turnhalle Buntenbock, Pixhaier M\u00fchle, Sch\u00fctzenplatz Clausthal oder Kurpark Buntenbock. Streckenbeschreibung: Diese landschaftlich sehr reizvoll gelegene Loipe f\u00fchrt entlang an Teichen des Oberharzer Wasserregals, \u00fcber Bergwiesen und durch romantische Fichtenw\u00e4lder. Die Verbindungsloipe nach Clausthal zweigt nach ca. 4,5 Km auf der Wanderloipe s\u00fcdlich des Ziegenberger Teichdammes ab, verl\u00e4uft \u00fcber den Teichdamm, weiter \u00fcber die Wiesen [&hellip;]<\/p>\n","protected":false},"author":1,"featured_media":0,"parent":119,"menu_order":0,"comment_status":"closed","ping_status":"closed","template":"","meta":{"_mc_calendar":[],"footnotes":""},"class_list":["post-134","page","type-page","status-publish","hentry"],"_links":{"self":[{"href":"https:\/\/sc-buntenbock.de\/index.php?rest_route=\/wp\/v2\/pages\/134","targetHints":{"allow":["GET"]}}],"collection":[{"href":"https:\/\/sc-buntenbock.de\/index.php?rest_route=\/wp\/v2\/pages"}],"about":[{"href":"https:\/\/sc-buntenbock.de\/index.php?rest_route=\/wp\/v2\/types\/page"}],"author":[{"embeddable":true,"href":"https:\/\/sc-buntenbock.de\/index.php?rest_route=\/wp\/v2\/users\/1"}],"replies":[{"embeddable":true,"href":"https:\/\/sc-buntenbock.de\/index.php?rest_route=%2Fwp%2Fv2%2Fcomments&post=134"}],"version-history":[{"count":1,"href":"https:\/\/sc-buntenbock.de\/index.php?rest_route=\/wp\/v2\/pages\/134\/revisions"}],"predecessor-version":[{"id":136,"href":"https:\/\/sc-buntenbock.de\/index.php?rest_route=\/wp\/v2\/pages\/134\/revisions\/136"}],"up":[{"embeddable":true,"href":"https:\/\/sc-buntenbock.de\/index.php?rest_route=\/wp\/v2\/pages\/119"}],"wp:attachment":[{"href":"https:\/\/sc-buntenbock.de\/index.php?rest_route=%2Fwp%2Fv2%2Fmedia&parent=134"}],"curies":[{"name":"wp","href":"https:\/\/api.w.org\/{rel}","templated":true}]}}