{"id":289,"date":"2019-03-13T12:41:10","date_gmt":"2019-03-13T11:41:10","guid":{"rendered":"http:\/\/scbubo.bplaced.net\/wp\/?page_id=289"},"modified":"2025-10-14T20:30:00","modified_gmt":"2025-10-14T18:30:00","slug":"geschaeftsfuehrender-vorstand","status":"publish","type":"page","link":"https:\/\/sc-buntenbock.de\/?page_id=289","title":{"rendered":"Vorstand"},"content":{"rendered":"\n<p class=\"has-medium-font-size\"><strong>Gesch\u00e4ftsf\u00fchrender Vorstand<\/strong><\/p>\n\n\n\n<figure class=\"wp-block-table is-style-stripes\"><table class=\"has-background\" style=\"background-color:#e7f5fe\"><tbody><tr><td>1. Vorsitzender<\/td><td>Sven M\u00fcnch<\/td><td>Im Oberfeld 4<\/td><td>&#84;&#x65;l&#x2e;&#x3a;&#32;&#x30;1&#x37;&#x36;&#32;&#x2f; &#x35;&#x37;&#57;&#x38;7&#x34;&#x36;&#53;<\/td><td><a aria-label=\" (\u00f6ffnet in neuem Tab)\" href=\"mailto:&#112;&#x68;&#105;&#x6c;l&#x69;p&#046;&#x63;&#108;&#x7a;&#064;&#x67;m&#120;&#x2e;&#100;&#x65;\" target=\"_blank\" rel=\"noreferrer noopener\">eMail<\/a><\/td><\/tr><tr><td>2. Vorsitzende<\/td><td>Birgit Dorn<\/td><td>Oster\u00f6der Strasse 27<\/td><td> <\/td><td><a href=\"mailto:&#104;&#x61;&#105;&#x62;&#101;&#x72;&#095;&#x62;&#064;&#x68;&#111;&#x74;&#109;&#x61;&#105;&#x6c;&#046;&#x63;&#111;&#x6d;\">eMail<\/a><\/td><\/tr><tr><td>3. Vorsitzender<\/td><td>J\u00f6rg Nothdurft<\/td><td><\/td><td>&#x20;<\/td><td><a href=\"mailto:&#x6a;&#x6f;&#x65;&#x72;&#x67;&#x6e;&#x6f;&#x74;&#x68;&#x64;&#x75;&#x72;&#x66;&#x74;&#x40;&#x67;&#x6d;&#x78;&#x2e;&#x64;&#x65;\">eMail<\/a><\/td><\/tr><tr><td>Kassenwart<\/td><td>Carsten Reeb<\/td><td><\/td><td>&#x20;<\/td><td><a href=\"mailto:&#x63;&#x61;&#x72;&#x73;&#x74;&#x65;&#x6e;&#x2e;&#x72;&#x65;&#x65;&#x62;&#x40;&#x79;&#x61;&#x68;&#x6f;&#x6f;&#x2e;&#x64;&#x65;\">eMail<\/a><\/td><\/tr><tr><td>Schriftwart<\/td><td>Markus Freitag<\/td><td>Schwarzenbacher Str. 6<\/td><td>&#84;&#x65;&#108;&#x2e;:&#x20;0&#53;&#x33;&#50;&#x33;&#32;&#x2f; &#x34;7&#48;&#x37;<\/td><td><a href=\"mailto:&#097;&#x73;&#099;&#x68;&#109;&#x66;r&#x65;i&#064;&#x61;&#111;&#x6c;&#046;&#x63;o&#x6d;\">eMail<\/a><\/td><\/tr><tr><td><\/td><td><\/td><td><\/td><td><\/td><td><\/td><\/tr><tr><td>Ehrenvorsitzender<\/td><td>Heinrich Hille<\/td><td>Ringstrasse 19A<\/td><td>&#84;e&#x6c;&#46;&#x3a;&#32;&#x30;&#53;&#x33;&#50;3&#x20;\/&#x20;&#53;&#x37;&#54;&#x39;<\/td><td><a href=\"mailto:&#x48;e&#x69;&#110;&#x72;&#x69;c&#x68;&#046;&#x48;&#x69;l&#x6c;&#101;&#x40;&#x67;m&#x78;&#046;&#x64;&#x65;\">eMail<\/a><\/td><\/tr><\/tbody><\/table><\/figure>\n\n\n\n<hr class=\"wp-block-separator has-css-opacity\"\/>\n\n\n\n<p class=\"has-medium-font-size\"><strong>Erweiterter Vorstand<\/strong><\/p>\n\n\n\n<figure class=\"wp-block-table is-style-stripes\"><table class=\"has-background\" style=\"background-color:#e7f5fe\"><tbody><tr><td>Sportwart<\/td><td>Nico Hausmann<\/td><td>Harzblick 4<br>37520 Osterode<\/td><td>&#x30;&#x35;&#x35;&#x32;&#x32;&#x2f;&#x33;&#x31;&#x37;&#x37;&#x38;&#x30;<\/td><td><a href=\"mailto:hausmann&#045;&#111;&#104;&#097;&#064;&#119;&#101;&#098;&#046;&#100;&#x65;\">eMail<\/a><\/td><\/tr><tr><td>Jugendwartin<\/td><td>Lina Masendorf<\/td><td>Ringstra\u00dfe 42<\/td><td>&#x30;&#x35;&#x33;&#x32;&#x33;&#x20;&#x2f;&#x20;&#x34;&#x20;&#x30;&#49;&#32;&#56;&#49;<\/td><td><a href=\"mailto:&#x6c;&#x69;&#x6e;&#x61;&#x6d;&#x61;&#x73;&#x65;&#x6e;&#x64;&#x6f;&#x72;&#x66;&#x40;&#x77;&#x65;&#x62;&#x2e;&#x64;&#x65;\">eMail<\/a><\/td><\/tr><tr><td>Biathlonwartin<\/td><td>B\u00f6ttcher Birgit<\/td><td>Ringstra\u00dfe 32<\/td><td>&#48;&#x35;&#51;&#x32;&#51;&#x20;\/&#x20;7&#32;&#x38;&#52;&#x20;&#50;&#x34;<\/td><td><a href=\"mailto:&#x62;i&#x62;&#111;&#x65;&#116;&#x74;&#x63;h&#x65;&#114;&#x40;&#111;&#x6e;&#108;i&#x6e;&#101;&#x68;&#111;&#x6d;&#101;&#046;&#x64;&#101;\">eMail<\/a><\/td><\/tr><tr><td>Geb\u00e4udewart<\/td><td>Malte Niessner<\/td><td>An der Trift 21<\/td><td> &#32;<\/td><td><\/td><\/tr><tr><td>Frauenwartin<\/td><td>Katrin Emmerling<\/td><td>Marienburger Weg 1<\/td><td>&#48;&#x35;3&#50;&#x33; &#47;&#x20;9&#x34;&#x20;&#56;&#x33; &#50;&#x31;<\/td><td><a href=\"mailto:&#x6b;&#x61;&#x74;&#114;&#105;n&#046;&#x65;&#x6d;&#x6d;&#x65;&#114;&#108;in&#x67;&#x40;&#x77;&#101;&#098;&#046;de\">eMail<\/a><\/td><\/tr><tr><td>Streckenwart<\/td><td>Dennis Kitzrow<\/td><td>St. Andreasberg<\/td><td>&#x20;<\/td><td><\/td><\/tr><tr><td>Ger\u00e4tewart<\/td><td>Helmut Tr\u00fcbel<\/td><td>Faktoreigasse 2<br>37444 St. Andreasberg<\/td><td>&#48;&#x31;7&#48;&#x2d;2&#56;&#x36;1&#50;&#x39;9<\/td><td><a href=\"mailto:&#104;&#x74;&#x72;u&#101;&#x62;&#x65;l&#064;&#x74;-&#111;&#x6e;&#x6c;i&#110;&#x65;&#046;&#100;&#x65;\">eMail<\/a><\/td><\/tr><tr><td>Pressewart<\/td><td>Michael Schwarz<\/td><td>Mittelweg 2<\/td><td>&#48;&#x35;&#x33;2&#51;&#x20;\/&#32;&#x34;&#x34;2&#49;<\/td><td><a href=\"mailto:&#x6d;i&#x63;&#104;&#x61;&#101;l&#x2d;&#115;&#x63;&#104;w&#x61;&#114;&#x7a;&#064;g&#x6d;x&#x2e;&#100;&#x65;\">eMail<\/a><\/td><\/tr><\/tbody><\/table><\/figure>\n\n\n\n<p><\/p>\n","protected":false},"excerpt":{"rendered":"<p>Gesch\u00e4ftsf\u00fchrender Vorstand 1. Vorsitzender Sven M\u00fcnch Im Oberfeld 4 eMail 2. Vorsitzende Birgit Dorn Oster\u00f6der Strasse 27 eMail 3. Vorsitzender J\u00f6rg Nothdurft eMail Kassenwart Carsten Reeb eMail Schriftwart Markus Freitag Schwarzenbacher Str. 6 eMail Ehrenvorsitzender Heinrich Hille Ringstrasse 19A eMail Erweiterter Vorstand Sportwart Nico Hausmann Harzblick 437520 Osterode eMail Jugendwartin Lina Masendorf Ringstra\u00dfe 42 eMail [&hellip;]<\/p>\n","protected":false},"author":1,"featured_media":0,"parent":0,"menu_order":0,"comment_status":"closed","ping_status":"closed","template":"","meta":{"_mc_calendar":[],"footnotes":""},"class_list":["post-289","page","type-page","status-publish","hentry"],"_links":{"self":[{"href":"https:\/\/sc-buntenbock.de\/index.php?rest_route=\/wp\/v2\/pages\/289","targetHints":{"allow":["GET"]}}],"collection":[{"href":"https:\/\/sc-buntenbock.de\/index.php?rest_route=\/wp\/v2\/pages"}],"about":[{"href":"https:\/\/sc-buntenbock.de\/index.php?rest_route=\/wp\/v2\/types\/page"}],"author":[{"embeddable":true,"href":"https:\/\/sc-buntenbock.de\/index.php?rest_route=\/wp\/v2\/users\/1"}],"replies":[{"embeddable":true,"href":"https:\/\/sc-buntenbock.de\/index.php?rest_route=%2Fwp%2Fv2%2Fcomments&post=289"}],"version-history":[{"count":45,"href":"https:\/\/sc-buntenbock.de\/index.php?rest_route=\/wp\/v2\/pages\/289\/revisions"}],"predecessor-version":[{"id":2466,"href":"https:\/\/sc-buntenbock.de\/index.php?rest_route=\/wp\/v2\/pages\/289\/revisions\/2466"}],"wp:attachment":[{"href":"https:\/\/sc-buntenbock.de\/index.php?rest_route=%2Fwp%2Fv2%2Fmedia&parent=289"}],"curies":[{"name":"wp","href":"https:\/\/api.w.org\/{rel}","templated":true}]}}